{"id":193,"date":"2018-07-30T06:23:26","date_gmt":"2018-07-30T04:23:26","guid":{"rendered":"https:\/\/www.musiklehre.at\/g7\/?page_id=193"},"modified":"2025-12-14T05:47:00","modified_gmt":"2025-12-14T03:47:00","slug":"musiklehre","status":"publish","type":"page","link":"https:\/\/www.musiklehre.at\/g7\/","title":{"rendered":"Musiklehre.at"},"content":{"rendered":"<h1>Herzlich Willkommen auf der Musiklehre Online<sup><span style=\"color: red; font-size: 15px;\">Neu<\/span><\/sup><\/h1>\n<h2>Das ist neu an der Musiklehre Online:<\/h2>\n<div style=\"margin-left: 20px;\">\n<div style=\"margin-bottom: 10px;\">Alle Seiten der Musiklehre Online wurden in einem, nun auch f\u00fcr mobile Ger\u00e4te optimiertem Design, mit WordPress (Open-Source Content Management System ) neu erstellt.<\/div>\n<div style=\"margin-bottom: 10px;\">Alle Grafiken der Notenbeispiele wurden neu erstellt und sind nun in wesentlich besserer Aufl\u00f6sung vorhanden, so dass ein Ausdruck in sehr guter Qualit\u00e4t m\u00f6glich ist.<\/div>\n<div style=\"margin-bottom: 10px;\">Das Komponisten-Lexikon wurde mit Bildern der Komponisten erg\u00e4nzt.<\/div>\n<div style=\"margin-bottom: 10px;\">Einige Kapitel wurden \u00fcberarbeitet und erg\u00e4nzt.<\/div>\n<div style=\"margin-bottom: 10px;\">Alle H\u00f6rbeispiele sind nun auch in der Online-Version verf\u00fcgbar.<\/div>\n<div style=\"margin-bottom: 10px;\">Registrierten, eingeloggten Benutzern wird keine Werbung eingeblendet und alle (auch zuk\u00fcnftige) Funktionen und Downloads stehen uneingeschr\u00e4nkt online zur Verf\u00fcgung.<\/div>\n<div style=\"margin-bottom: 10px;\">Im neuen Diskussionsforum (&#8218;Musikforum&#8216;) k\u00f6nnen registrierte Benutzer Fragen stellen &amp; beantworten, eigene Musikprojekte vorstellen, Vorschl\u00e4ge zur Erweiterung der Musiklehre Online einbringen oder auch ganz allgemein \u00fcber Musik diskutieren&#8230;<\/div>\n<div style=\"margin-bottom: 10px;\">Viele Inhalte stehen auch nicht registrierten Benutzern weiterhin zur Verf\u00fcgung.<\/div>\n<\/div>\n<p>Viel Spa\u00df und Erfolg mit der Musiklehre Online<br \/>\nw\u00fcnscht Ihnen der Autor<br \/>\n<code style=\"color: #004c8c;\"><i>Johannes Kaiser-Kaplaner<\/i><\/code><\/p>\n<p><b><span style=\"color: red;\">Neu<\/span><\/b>: Das <big><strong><a title=\"Musikquiz Online\" href=\"https:\/\/www.musiklehre.at\/g7\/musik-quiz\/\">Musik-Quiz der Musiklehre Online<\/a><\/strong><\/big> wurde \u00fcberarbeitet und erweitert.<br \/>Es gibt nun sechs weitere &#8218;Quizze&#8216;: H\u00f6re eine kurze Melodie \/ einen Rhythmus und erkenne die dazugeh\u00f6rigen Noten.<\/p>\n<p><b><span style=\"color: red;\">Neu<\/span><\/b>: Das <big><strong><a title=\"Notenspiel Online\" href=\"https:\/\/www.musiklehre.at\/g7\/notenspiel-online\/\">Notenspiel Online<\/a><\/strong><\/big> ist wieder da! Ja, es funktioniert wieder!<br \/>\nWeitere Informationen, warum das <a title=\"Notenspiel Online\" href=\"https:\/\/www.musiklehre.at\/g7\/notenspiel-online\/\">Notenspiel Online<\/a> wieder funktioniert finden Sie hier: <a href=\"https:\/\/www.musiklehre.at\/g7\/flash-player\/\">musiklehre.at\/flash-player<\/a><\/p>\n<p><b><span style=\"color: red;\">Neu<\/span><\/b>: Die neue App zum Trainieren des musikalischen Geh\u00f6rs ist ab sofort online <span style=\"color: red;\">\u2192<\/span>\u00a0&#8222;<strong><a title=\"App Intervalle Training\" href=\"https:\/\/www.musiklehre.at\/g7\/intervalle-app\/\">Intervalle Training<\/a><\/strong>&#8222;. Wenn es dazu Fragen und Anregungen gibt, bitte <a title=\"Musikforum\" href=\"https:\/\/www.musiklehre.at\/g7\/musikforum\/topic\/intervalle-app-intervalle-gehoer-training\/\">im Forum posten<\/a>, oder gerne auch &#8211; wie bisher &#8211; per e-Mail oder mittels <a title=\"Kontaktformular\" href=\"https:\/\/www.musiklehre.at\/g7\/kontakt\/\">Kontaktformular<\/a>.<\/p>\n<p><b><span style=\"color: red;\">Neu<\/span><\/b>: Das <a title=\"Musik-Quiz der Musiklehre Online\" href=\"https:\/\/www.musiklehre.at\/g7\/musik-quiz\/\">Musik-Quiz<\/a> habe ich \u00fcberarbeitet. Der einmal eingegebene Name wird nun in einem Cookie (f\u00fcr max. 24 Stunden) gespeichert und die Ranglisten (&#8218;HighScore&#8216;) k\u00f6nnen jederzeit eingesehen werden.<\/p>\n<p><b><span style=\"color: red;\">Neu<\/span><\/b>: Ich habe zwei weitere Weihnachtslieder im <a title=\"Downloads der Musiklehre Online\" href=\"https:\/\/www.musiklehre.at\/g7\/kapitel\/musiklehre-download\/\">Download-Bereich<\/a> hinzugef\u00fcgt &#8211; auch diese stehen u.a. als PDF und Encore (MusicTime) Dateien bereit zum Herunterladen.<\/p>\n<p><b><span style=\"color: red;\">Neu<\/span><\/b>: Es gibt wieder eine neue HighScore Liste f\u00fcr das <a title=\"Music Replay Game\" href=\"https:\/\/www.musiklehre.at\/g7\/music-replay\/\">Music Replay Game<\/a> und ich habe wieder die bisher zw\u00f6lf Besten in die <a title=\"Music Replay Game HighScore\" href=\"https:\/\/www.musiklehre.at\/a\/memory_highscore.php?s=1\">neue HighScore Liste<\/a> \u00fcbernommen. Die alten High Score Listen sind &#8218;zur Nachlese&#8216; weiterhin online:<br \/>\n<a title=\"Music Replay Game HighScore 2019\" href=\"https:\/\/www.musiklehre.at\/a\/memory_highscore_old.php\">18365 Eintr\u00e4ge bis zum 31.Mai 2020<\/a> und <a title=\"Music Replay Game HighScore 2020\" href=\"https:\/\/www.musiklehre.at\/a\/memory_highscore_2020.php\">20239 Eintr\u00e4ge bis zum 9.M\u00e4rz 2021<\/a><br \/>\nAuch weiterhin viel Spa\u00df mit dem <a title=\"Music Replay Game\" href=\"https:\/\/www.musiklehre.at\/g7\/music-replay\/\">Music Replay Game<\/a>!<\/p>\n<p><b><span style=\"color: red;\">Neu<\/span><\/b>: Die g\u00e4ngisten <a href=\"https:\/\/www.musiklehre.at\/g7\/notenblatt-zum-ausdrucken\/\">Notenbl\u00e4tter zum Ausdrucken<\/a> sind online: Notenblatt mit Violin-, Bassschl\u00fcssel oder ohne Notenschl\u00fcssel in verschiedenen Gr\u00f6\u00dfen als JPEG oder PDF in bester Druckqualit\u00e4t&#8230;<\/p>\n<p><b><span style=\"color: red;\">Neu<\/span><\/b>: Vier neue <a href=\"https:\/\/www.musiklehre.at\/g7\/musik-puzzle-der-musiklehre-online\/\">Musik Puzzle<\/a> sind online:<br \/>\n<a href=\"https:\/\/www.musiklehre.at\/g7\/akkordeon-puzzle\/\">Akkordeon Puzzle<\/a>, <a href=\"https:\/\/www.musiklehre.at\/g7\/schlagzeug-puzzle\/\">Schlagzeug Puzzle<\/a>, <a href=\"https:\/\/www.musiklehre.at\/g7\/violinen-puzzle\/\">Violinen Puzzle<\/a> und <a href=\"https:\/\/www.musiklehre.at\/g7\/phonograph-puzzle\/\">Phonograph Puzzle<\/a>.<\/p>\n<p><b><span style=\"color: red;\">Neu<\/span><\/b>: <a href=\"https:\/\/www.musiklehre.at\/g7\/music-replay\/\">Music Replay<\/a> &#8211; einfach T\u00f6ne nachspielen.<br \/>\nOder doch nicht so einfach? Wie viele T\u00f6ne kannst du dir merken? Die vorgespielte Melodie wird immer l\u00e4nger\u2026 mit Highscoreliste der Top 100.<\/p>\n<p><b><span style=\"color: red;\">Neu<\/span><\/b>: <a href=\"https:\/\/www.musiklehre.at\/g7\/melodien_quiz\/\">Melodien Quiz Online<\/a> &#8211; Erkenne die Melodien gro\u00dfer Komponisten.<br \/>\nInsgesamt 84 klassische Werke (mit Musik, Noten und Hinweisen zu den gesuchten Komponisten) stehen zur Auswahl\u2026<\/p>\n<p><b><span style=\"color: red;\">Neu<\/span><\/b>: <a href=\"https:\/\/www.musiklehre.at\/g7\/alle-noten-online\/\">Alle Noten Online<\/a> &#8211; Alle T\u00f6ne vom gro\u00dfen A bis zum dreigestrichenen c auf der virtuellen Klaviertastatur spielen und die Noten in Notenschrift (im Violinschl\u00fcssel und Bassschl\u00fcssel) anzeigen lassen\u2026<\/p>\n<p><b><span style=\"color: red;\">Neu<\/span><\/b>: <a href=\"https:\/\/www.musiklehre.at\/g7\/alle-dreiklaenge-online\/\">Alle Dreikl\u00e4nge Online<\/a> &#8211; alle Dreikl\u00e4nge mit Umkehrungen auf der virtuellen (online spielbaren) Tastatur mit Noten \ud83c\udfb6 anzeigen lassen und anh\u00f6ren, einfachen den gew\u00fcnschten Grundton und Dreiklang ausw\u00e4hlen\u2026<\/p>\n<p><b><span style=\"color: red;\">Neu<\/span><\/b>: <a href=\"https:\/\/www.musiklehre.at\/g7\/alle-akkorde-online\/\">Alle Akkorde Online<\/a> &#8211; das neue interaktive Piano\/Akkorde Script ist online: Alle Akkorde von C \u00fcber Em7 und G7sus bis hin zu Bb maj7\/#5 auf der virtuellen (online spielbaren) Klaviertastatur mit den Noten anzeigen und vorspielen lassen.<\/p>\n<p>\u2192 <a title=\"Hinweise und Informationen zum Adobe Flash Player\" href=\"https:\/\/www.musiklehre.at\/g7\/flash-player\/\">Hinweise und Informationen zum Adobe Flash Player<\/a><\/p>\n<p><small>p.s.: Einzelne Bereiche der Musiklehre Online<sup><small><span style=\"color: red;\">neu<\/span><\/small><\/sup> sind (immer) in Arbeit &#8211; ich bitte ggf. um <a href=\"https:\/\/www.musiklehre.at\/g7\/kontakt\/\">R\u00fcckmeldung<\/a>, falls es mit einer Funktion \/ einer Seite Probleme geben sollte, oder wenn Sie etwas vermissen &#8211; Danke!<\/small><\/p>\n","protected":false},"excerpt":{"rendered":"<p>Herzlich Willkommen auf der Musiklehre OnlineNeu Das ist neu an der Musiklehre Online: Alle Seiten der Musiklehre Online wurden in einem, nun auch f\u00fcr mobile Ger\u00e4te optimiertem Design, mit WordPress (Open-Source Content Management System ) neu erstellt. Alle Grafiken der Notenbeispiele wurden neu erstellt und sind nun in wesentlich besserer Aufl\u00f6sung vorhanden, so dass ein [&hellip;]<\/p>\n","protected":false},"author":2,"featured_media":0,"parent":0,"menu_order":0,"comment_status":"closed","ping_status":"closed","template":"page-startseite.php","meta":{"footnotes":""},"class_list":["post-193","page","type-page","status-publish","hentry"],"_links":{"self":[{"href":"https:\/\/www.musiklehre.at\/g7\/wp-json\/wp\/v2\/pages\/193","targetHints":{"allow":["GET"]}}],"collection":[{"href":"https:\/\/www.musiklehre.at\/g7\/wp-json\/wp\/v2\/pages"}],"about":[{"href":"https:\/\/www.musiklehre.at\/g7\/wp-json\/wp\/v2\/types\/page"}],"author":[{"embeddable":true,"href":"https:\/\/www.musiklehre.at\/g7\/wp-json\/wp\/v2\/users\/2"}],"replies":[{"embeddable":true,"href":"https:\/\/www.musiklehre.at\/g7\/wp-json\/wp\/v2\/comments?post=193"}],"version-history":[{"count":6,"href":"https:\/\/www.musiklehre.at\/g7\/wp-json\/wp\/v2\/pages\/193\/revisions"}],"predecessor-version":[{"id":4387,"href":"https:\/\/www.musiklehre.at\/g7\/wp-json\/wp\/v2\/pages\/193\/revisions\/4387"}],"wp:attachment":[{"href":"https:\/\/www.musiklehre.at\/g7\/wp-json\/wp\/v2\/media?parent=193"}],"curies":[{"name":"wp","href":"https:\/\/api.w.org\/{rel}","templated":true}]}}