{"id":2526,"date":"2018-09-12T06:33:59","date_gmt":"2018-09-12T04:33:59","guid":{"rendered":"https:\/\/www.musiklehre.at\/g7\/kein-zugriff\/"},"modified":"2018-09-27T06:24:28","modified_gmt":"2018-09-27T04:24:28","slug":"kein-zugriff","status":"publish","type":"page","link":"https:\/\/www.musiklehre.at\/g7\/kein-zugriff\/","title":{"rendered":"Zugriff nur f\u00fcr angemeldete Benutzer"},"content":{"rendered":"<div class=\"Rtable\">\n<div class=\"Rtable-cell\" style=\"width:80%; text-align:left; font-size:1.1em;\">Sie m\u00fcssen sich anmelden, um diesen Inhalt ansehen bzw. die Dateien herunterladen zu k\u00f6nnen. <\/p>\n<p>Als Benutzer k\u00f6nnen Sie sich <span style=\"font-size:1.1em\">&rarr; <a class=\"swpm-login-link\" href=\"https:\/\/www.musiklehre.at\/g7\/benutzer-login\/\">hier einloggen<\/a>. <\/span><\/p>\n<p>Sie sind noch kein registrierter Benutzer der Musiklehre Online?<\/p>\n<p>Sie k\u00f6nnen sich <span style=\"font-size:1.1em\">&rarr; <a href=\"https:\/\/www.musiklehre.at\/g7\/benutzer-werden\/\">hier registrieren<\/a>&#8230;<\/span>\n<\/div>\n<div class=\"Rtable-cell\" style=\"width:20%; text-align:right;\">\n<div><audio id=\"audio-11\" preload=\"none\"><source type=\"audio\/mpeg\" src=\"https:\/\/www.musiklehre.at\/g7\/bilder\/DaDaDaDaaa.mp3?_=1\" \/><\/audio><img loading=\"lazy\" decoding=\"async\" class=\"kkomp\" style=\"cursor: not-allowed;\" title=\"Ludwig van Beethoven\" src=\"https:\/\/www.musiklehre.at\/g7\/komponisten\/beethoven.jpg\" alt=\"Ludwig van Beethoven\" width=\"120\" height=\"140\" onclick=\"document.getElementById('audio-11').play();\" \/><img decoding=\"async\" src=\"https:\/\/www.musiklehre.at\/g7\/icons\/lock.gif\" alt=\"Download f\u00fcr registrierte Benutzer der Musiklehre Online\" title=\"Download f\u00fcr registrierte Benutzer der Musiklehre Online\">\n<\/div>\n<\/div>\n<\/div>\n","protected":false},"excerpt":{"rendered":"<p>Sie m\u00fcssen sich anmelden, um diesen Inhalt ansehen bzw. die Dateien herunterladen zu k\u00f6nnen. Als Benutzer k\u00f6nnen Sie sich &rarr; hier einloggen. Sie sind noch kein registrierter Benutzer der Musiklehre Online? Sie k\u00f6nnen sich &rarr; hier registrieren&#8230;<\/p>\n","protected":false},"author":2,"featured_media":0,"parent":0,"menu_order":0,"comment_status":"closed","ping_status":"closed","template":"","meta":{"footnotes":""},"class_list":["post-2526","page","type-page","status-publish","hentry"],"_links":{"self":[{"href":"https:\/\/www.musiklehre.at\/g7\/wp-json\/wp\/v2\/pages\/2526","targetHints":{"allow":["GET"]}}],"collection":[{"href":"https:\/\/www.musiklehre.at\/g7\/wp-json\/wp\/v2\/pages"}],"about":[{"href":"https:\/\/www.musiklehre.at\/g7\/wp-json\/wp\/v2\/types\/page"}],"author":[{"embeddable":true,"href":"https:\/\/www.musiklehre.at\/g7\/wp-json\/wp\/v2\/users\/2"}],"replies":[{"embeddable":true,"href":"https:\/\/www.musiklehre.at\/g7\/wp-json\/wp\/v2\/comments?post=2526"}],"version-history":[{"count":6,"href":"https:\/\/www.musiklehre.at\/g7\/wp-json\/wp\/v2\/pages\/2526\/revisions"}],"predecessor-version":[{"id":3313,"href":"https:\/\/www.musiklehre.at\/g7\/wp-json\/wp\/v2\/pages\/2526\/revisions\/3313"}],"wp:attachment":[{"href":"https:\/\/www.musiklehre.at\/g7\/wp-json\/wp\/v2\/media?parent=2526"}],"curies":[{"name":"wp","href":"https:\/\/api.w.org\/{rel}","templated":true}]}}