{"id":2788,"date":"2018-09-23T09:48:27","date_gmt":"2018-09-23T07:48:27","guid":{"rendered":"https:\/\/www.musiklehre.at\/g7\/?page_id=2788"},"modified":"2023-03-21T03:32:05","modified_gmt":"2023-03-21T01:32:05","slug":"nutzungsbedingungen","status":"publish","type":"page","link":"https:\/\/www.musiklehre.at\/g7\/nutzungsbedingungen\/","title":{"rendered":"Nutzungsbedingungen"},"content":{"rendered":"<p><span style=\"float: right;\"><a href=\"https:\/\/www.musiklehre.at\/g7\/nutzungsbedingungen\/print\/\" title=\"Druckansicht\" rel=\"nofollow\"><img decoding=\"async\" class=\"WP-PrintIcon\" src=\"https:\/\/www.musiklehre.at\/g7\/wp-content\/plugins\/wp-print\/images\/print.gif\" alt=\"Druckansicht\" title=\"Druckansicht\" style=\"border: 0px;\" \/><\/a>&nbsp;<a href=\"https:\/\/www.musiklehre.at\/g7\/nutzungsbedingungen\/print\/\" title=\"Druckansicht\" rel=\"nofollow\">Druckansicht<\/a><\/span><br \/>\nNutzungsbedingungen \/ Allgemeine Gesch\u00e4ftsbedingungen der Musiklehre Online &amp; Instrumentenkunde Online<br \/>\n<small>21. 04. 2026<\/small><\/p>\n<div class=\"nutzung\"><strong>Anbieter<\/strong><br \/>\nMag. Johannes Kaiser-Kaplaner<br \/>\n8600 Butuan City \u00b7 Philippines<br \/>\nFax: +43 (0) 1253 3033 8989 \u00b7 kk(@)musica.at<br \/>\nIm Folgenden &#8222;Anbieter&#8220; genannt <small><b>Hinweis:<\/b> Aus Gr\u00fcnden der Lesbarkeit wurde im Text die m\u00e4nnliche Form &#8222;Benutzer&#8220; gew\u00e4hlt, nichtsdestotrotz bezieht sich die Angabe immer auf Angeh\u00f6rige aller Geschlechter.<\/small><\/p>\n<p><strong><code>I. <\/code> Geltungsbereich<\/strong><\/p>\n<blockquote><p>a) Die nachfolgenden Nutzungsbedingungen gelten f\u00fcr die Nutzung der Inhalte auf der Webseite www.musiklehre.at, www.musiklehre.online und instrumentenkunde.at &#8211; im Folgenden kurz &#8222;Musiklehre Online&#8220; genannt.<br \/>\nb) Mit der Nutzung der Musiklehre Online erkl\u00e4ren Sie sich mit diesen Nutzungsbedingungen vollinhaltlich einverstanden.<\/p><\/blockquote>\n<p><strong><code>II.<\/code> Registrierung<\/strong><\/p>\n<blockquote><p>a) Es besteht keine Pflicht aber auch kein Anspruch auf eine Registrierung. Alle \u00f6ffentlich zug\u00e4ngigen Inhalte k\u00f6nnen auch ohne Registrierung zum pers\u00f6nlichen Gebrauch abgerufen werden.<br \/>\nb) Die Registrierung f\u00fcr die Nutzung der Musiklehre Online ist kostenpflichtig. Die Nutzungsdauer ist auf ein Jahr (365 Tage) beschr\u00e4nkt und kann vor Ablauf verl\u00e4ngert werden.<br \/>\nc) Nach Ablauf der Nutzungsdauer ist eine Neuregistrierung grunds\u00e4tzlich m\u00f6glich. Im Fall einer Neuregistrierung kann die Zuweisung des vorherigen Benutzernames jedoch nicht garantiert werden.<br \/>\nd) Im Fall einer Registrierung ist der Benutzer verpflichtet, seine Zugangsdaten geheim zu halten und diese nur pers\u00f6nlich zu verwenden.<br \/>\ne) Eine \u00dcbertragung des Benutzerzugangs auf eine andere Person ist grunds\u00e4tzlich nicht gestattet.<br \/>\nf) F\u00fcr nicht registrierte Benutzer der Musiklehre Online wird Werbung eingeblendet. Lesen Sie dazu auch unsere \u2192<a title=\"Datenschutzerkl\u00e4rung der Musiklehre Online\" href=\"https:\/\/www.musiklehre.at\/g7\/datenschutzerklaerung\/\">Datenschutzerkl\u00e4rung<\/a><\/p><\/blockquote>\n<p><strong><code>III.<\/code> Leistung, Gew\u00e4hrleistung und Haftung<\/strong><\/p>\n<blockquote><p>a) Der Anbieter der Musiklehre Online gestattet dem Benutzer, im Rahmen dieser Nutzungsbedingungen, Inhalte abzurufen und zum pers\u00f6nlichen Gebrauch Inhalte &#8211; soweit diese explizit zum Herunterladen zur Verf\u00fcgung gestellt werden &#8211; auch herunterzuladen.<br \/>\nb) Der Anbieter ist bem\u00fcht, im Rahmen seiner technischen und wirtschaftlichen M\u00f6glichkeiten, die Inhalte der Musiklehre Online st\u00e4ndig verf\u00fcgbar zu halten. Es besteht jedoch kein Anspruch auf eine st\u00e4ndige Verf\u00fcgbarkeit. Wartungsarbeiten, technische Ausf\u00e4lle, Fehler, Ereignisse h\u00f6herer Gewalt, Hackerangriffe etc. k\u00f6nnen auch dazu f\u00fchren, dass die Verf\u00fcgbarkeit nicht gegeben ist. Ebenso besteht kein Anspruch darauf, dass die Inhalte der Musiklehre Online mit jedem internetf\u00e4higen Ger\u00e4t und jedem Browser korrekt dargestellt und vollinhaltlich funktionsf\u00e4hig sind.<br \/>\nc) Der Anbieter \u00fcbernimmt ausdr\u00fccklich keine Gew\u00e4hr und Haftung f\u00fcr die Richtigkeit, Vollst\u00e4ndigkeit, Verl\u00e4sslichkeit, Aktualit\u00e4t und Brauchbarkeit der bereit gestellten Inhalte.<br \/>\nDiese dienen ausschlie\u00dflich der allgemeinen Information. Alle Hinweise, Empfehlungen und Ausk\u00fcnfte sind unverbindlich. Jegliche Verwendung der angebotenen Inhalte geschieht auf eigenes Risiko.<br \/>\nd) Die Haftung des Anbieters und seiner Erf\u00fcllungsgehilfen (z. B. Moderatoren im Forum) ist dem Grunde nach auf Vorsatz oder grobe Fahrl\u00e4ssigkeit beschr\u00e4nkt; eine Haftung f\u00fcr leichte Fahrl\u00e4ssigkeit ist ausgeschlossen.<br \/>\ne) Obgleich der Anbieter sich bem\u00fcht, sein Angebot von Schadsoftware (Viren, Trojaner etc.) frei zu halten, kann eine Freiheit von Schadsoftware nicht garantiert werden. Der Anbieter empfiehlt dem Nutzer die Installation geeigneter Schutzprogramme und das regelm\u00e4\u00dfige Aktualisieren derartiger Programme.<br \/>\nf) Der Anbieter \u00fcbernimmt keinerlei Gew\u00e4hr oder Haftung f\u00fcr die im Forum ver\u00f6ffentlichten und eingestellten Beitr\u00e4ge und Themen, f\u00fcr externe Links und die daraus resultierenden Inhalte, insbesondere nicht f\u00fcr deren Richtigkeit, Vollst\u00e4ndigkeit und Aktualit\u00e4t. Der Anbieter ist nicht verpflichtet, die \u00fcbermittelten und gespeicherten Beitr\u00e4ge der Benutzer zu \u00fcberwachen oder st\u00e4ndig zu \u00fcberpr\u00fcfen ob diese rechtswidrige Inhalte aufweisen.<br \/>\nf) Bei den Werbeeinblendungen auf der Musiklehre Online \u00fcbernimmt der Anbieter keinerlei Haftung f\u00fcr deren Inhalt und Richtigkeit. F\u00fcr den Inhalt solcher Werbeeinblendungen ist der Werbekunde einzig und allein verantwortlich.<br \/>\ng) Der Anbieter \u00fcbernimmt keine dar\u00fcber hinausgehenden Leistungspflichten.<\/p>\n<p><strong><code>IV.<\/code> Kosten <\/strong><\/p>\n<blockquote><p>a) Benutzern der Musiklehre Online ist es grunds\u00e4tzlich gestattet, alle \u00f6ffentlich zug\u00e4ngigen Inhalte gem\u00e4\u00df unseren Nutzungsbedingungen kostenlos zum pers\u00f6nlichen, privaten Gebrauch zu nutzen.<br \/>\nb) Registrierte Benutzer<br \/>\nDar\u00fcber hinausgehend bietet die Musiklehre Online auch Inhalte an, welche nicht \u00f6ffentlich zug\u00e4ngig sind und ausschlie\u00dflich registrierten Benutzern zur Verf\u00fcgung stehen.<br \/>\nRegistrierte Benutzer haben das erweiterte Recht alle zur Verf\u00fcgung gestellten Inhalte der Musiklehre Online im Rahmen ihrer Unterrichtst\u00e4tigkeit mit ihren eigenen Sch\u00fclern im eigenen Unterricht zu verwenden und zu diesem Zweck auch auf ihrem pers\u00f6nlichen Computer (Laptop etc.) lokal zu speichern.<br \/>\nEine Registrierung als Benutzer der Musiklehre Online ist kostenpflichtig und zeitlich beschr\u00e4nkt, n\u00e4heres dazu entnehmen Sie des Seite <a title=\"Registrierung als Benutzer der Musiklehre Online\" href=\"https:\/\/www.musiklehre.at\/g7\/benutzer-werden\/\">Registrierung als Benutzer der Musiklehre Online<\/a>.<br \/>\nc) Registrierte Benutzer, erweiterte Nutzung<br \/>\n\u00d6ffentliche und private Schulen k\u00f6nnen einen erweiterten Zugang als registrierter Benutzer erwerben. Dieser erweitere Zugang gestattet das Speichern der zum Download zur Verf\u00fcgung gestellten Inhalte auf allen Computern am Schulstandort und das Einrichten eines Zugangs zur Musiklehre Online im Schulnetzwerk. Ansprechperson f\u00fcr den Anbieter und Verantwortlicher ist in diesem Fall ausschlie\u00dflich diejenige Person, welche die Registrierung durchgef\u00fchrt hat. Eine Weitergabe der Zugangsdaten an andere Personen &#8211; auch innerhalb der Schule &#8211; ist auch in diesem Fall nicht zul\u00e4ssig (einzige Ausnahme ist der Systemadministrator der Schule, f\u00fcr die Einrichtung eines Zugangs zur Musiklehre Online im Schulnetzwerk).<br \/>\nd) R\u00fcckerstattung<br \/>\nAusgenommen im Fall des ausge\u00fcbten R\u00fccktrittsrecht (Widerrufsrecht) werden grunds\u00e4tzlich keine R\u00fcckerstattungen gew\u00e4hrt.<\/p><\/blockquote>\n<p><strong><code>V.<\/code> Erhebung von Zugriffsdaten und Logfiles<\/strong><\/p>\n<blockquote><p>Zugriffe auf die Inhalte der Musiklehre Online werden in Logfiles gespeichert, n\u00e4heres dazu entnehmen Sie bitte unserer \u2192<a title=\"Datenschutzerkl\u00e4rung der Musiklehre Online\" href=\"https:\/\/www.musiklehre.at\/g7\/datenschutzerklaerung\/\">Datenschutzerkl\u00e4rung<\/a><\/p><\/blockquote>\n<p><strong><code>VI.<\/code> Pflichten des Benutzers<\/strong><\/p>\n<blockquote><p>a) Grunds\u00e4tzlich hat jeder Benutzer der Musiklehre Online unser Angebot so zu nutzen, dass eine exzessive Beanspruchung des Angebots ausgeschlossen wird.<br \/>\nb) Insbesondere ist die Nutzung von sogenannten &#8222;website downloadern, web scrapern&#8220;, also jede Art von Software und Scripten welche versuchen die Webseite als Ganzes herunterzuladen strikt untersagt. Derartige Versuche werden vom Anbieter nach M\u00f6glichkeit geblockt und unter Umst\u00e4nden wird die zu Grunde liegende IP Adresse f\u00fcr weitere Zugriffe der gesamten Webseite dauerhaft gesperrt. Wenn Sie glauben, von so einer Sperre betroffen zu sein, wenden Sie sich bitte per Formular auf der Seite https:\/\/www.kk.email\/kontakt\/ mit m\u00f6glichst detaillierten Angaben direkt an den Anbieter.<\/p>\n<blockquote><p>a) <b>Pflichten als Forum-Benutzer<\/b><br \/>\nDer Benutzer verpflichtet sich keine Beitr\u00e4ge ver\u00f6ffentlichen, die gegen diese Nutzungsbedingungen, gegen die guten Sitten oder sonst gegen geltendes Recht versto\u00dfen.<\/p>\n<p>Insbesondere folgende Punkte sind dabei <b>unbedingt zu unterlassen<\/b>:<\/p>\n<blockquote><p>a1) Inhalte zu ver\u00f6ffentlichen, die unwahr sind und deren Ver\u00f6ffentlichung einen Straftatbestand oder eine Ordnungswidrigkeit erf\u00fcllt.<br \/>\na2) Die Verwendung von gesetzlich durch Urheber- und Markenrecht gesch\u00fctzte Inhalte. Dies betrifft insbesondere &#8211; aber nicht ausschlie\u00dflich &#8211; Inhalte (Texte, Bilder, Grafiken)<br \/>\nvon anderen Webseiten, ohne dass der Forum-Benutzer \u00fcber eine rechtm\u00e4\u00dfige, nachweisbare Berechtigung dazu verf\u00fcgt. Bei Text-Zitaten &#8211; als Beleg oder zur Erl\u00e4uterung des Inhalts &#8211; ist eine Quellenangabe anzugeben.<br \/>\na3) Inhalte zu ver\u00f6ffentlichen, die beleidigend, rassistisch oder diskriminierend sind (auch nicht als Zitat).<br \/>\na4) Inhalte zu ver\u00f6ffentlichen, die der Werbung \/ Eigenwerbung dienen &#8211; ausgenommen davon ist ausschlie\u00dflich das Forum &#8222;Vorstellung &#8211; Eigenwerbung&#8220;.<br \/>\na5) Personenbezogene Daten anderer Personen zu ver\u00f6ffentlichen.<br \/>\na6) Kommentare welche nur den Zweck des Kommentierens selber haben und sonst keinen Mehrwert aufweisen, also keinen Bezug zum eigentlichen Thema haben und \/ oder eine gestellte Frage nicht beantworten oder sinnvoll erg\u00e4nzen.<\/p><\/blockquote>\n<p>b) Forum-Benutzer haben die alleinige Verantwortung f\u00fcr die Inhalte ihrer Beitr\u00e4ge. Falls Dritte wegen der vom Forum-Benutzer eingestellten Beitr\u00e4ge Anspr\u00fcche an den Anbieter stellen, verpflichtet sich der Forum-Benutzer, den Anbieter von deren Anspr\u00fcchen und damit eventuell verbundenen Rechtskosten freizustellen und dem Anbieter bei der Abwehr solcher Anspr\u00fcche zu unterst\u00fctzen.<\/p>\n<p>c) Mit Ver\u00f6ffentlichung eines Beitrages r\u00e4umt der Forum-Benutzer dem Anbieter das Recht ein, den Beitrag dauerhaft zum Abruf bereitzustellen, der Forum-Benutzer hat keinen Anspruch auf L\u00f6schung oder Berichtigung der von ihm erstellten Beitr\u00e4ge.<\/p>\n<p>d) Das Forum der Musiklehre Online ist derzeit nur f\u00fcr angemeldete Benutzer der Musiklehre Online zug\u00e4ngig: Der Anbieter beh\u00e4lt sich das Recht vor, einzelne Forenbereiche (einzelne Kategorien, Themenbereiche) in Zukunft auch \u00f6ffentlich zug\u00e4ngig zu machen, ohne dass dies einer besonderen Ank\u00fcndigung bedarf.<\/p>\n<p>e) Sollte der Benutzer gegen diese Nutzungsbedingung versto\u00dfen, behaltet sich der Anbieter das Recht vor, den Zugriff des Benutzers einzuschr\u00e4nken, seine Beitr\u00e4ge im Forum zu \u00e4ndern, diese (als Teil oder auch als Ganzes) zu l\u00f6schen und im Wiederholungsfall dem Benutzer die weitere Nutzung der Musiklehre Online zu untersagen.<\/p><\/blockquote>\n<\/blockquote>\n<p><strong><code>VII.<\/code> R\u00fccktrittsrecht (Widerrufsrecht)<\/strong><\/p>\n<blockquote><p>Sie haben grunds\u00e4tzlich das Recht, binnen vierzehn Tagen &#8211; auch ohne Angabe von Gr\u00fcnden &#8211; Ihre Registrierung zu widerrufen.<br \/>\nDie Widerrufsfrist betr\u00e4gt vierzehn Tage ab dem Tag an dem Ihre Registrierung von uns per E-Mail best\u00e4tigt wurde. Um das Widerrufsrecht auszu\u00fcben, m\u00fcssen Sie uns mittels einer eindeutigen Erkl\u00e4rung (z.B. per E-Mail oder Fax) \u00fcber Ihren Entschluss die Registrierung zu widerrufen informieren. Sie k\u00f6nnen daf\u00fcr das Muster-Widerrufsformular (<a href=\"https:\/\/www.musiklehre.at\/g7\/widerrufsformular\/print\/\" rel=\"nofollow\">https:\/\/www.musiklehre.at\/g7\/widerrufsformular\/print\/<\/a>) verwenden, was jedoch nicht vorgeschrieben ist.<\/p>\n<p><b>M\u00f6glichkeit zum Verzicht<\/b><br \/>\nBei der Registrierung haben Sie die M\u00f6glichkeit frei zu entscheiden, ob Sie auf Ihr R\u00fccktrittsrecht (Widerrufsrecht) verzichten m\u00f6chten und somit Ihr Zugang als registrierter Benutzer der Musiklehre Online schon vor Ablauf der vierzehnt\u00e4gigen Widerrufsfrist aktiviert wird.<\/p><\/blockquote>\n<p><strong><code>VIII.<\/code> Verwendung der Inhalte<\/strong><\/p>\n<blockquote><p>Das Kopieren und Ausdrucken der Inhalte ist nur f\u00fcr private und f\u00fcr Unterrichtszwecke (registrierte Benutzer) erlaubt.<br \/>\nVer\u00f6ffentlichungen jeglicher Art (auf Internetseiten oder anderen Medien), auch das Verwenden einzelner Inhalte (Texte, Grafiken, Audio-Dateien) ist nur mit schriftlicher Zustimmung des Autors Mag. Johannes Kaiser-Kaplaner gestattet.<\/p>\n<blockquote><p><small><b>Hinweis<\/b>: Bitte verwenden Sie f\u00fcr diesbez\u00fcgliche Anfragen das <a href=\"https:\/\/www.musiklehre.at\/g7\/kontakt\/\">Kontaktformular<\/a> oder eine formlose E-Mail. Sch\u00fcler \u00fand Studenten welche Teile der Musiklehre Online f\u00fcr eine Facharbeit oder \u00c4hnliches verwenden wollen und eine h\u00f6fliche Anfrage (mit kurzer Beschreibung ihres Vorhabens) stellen, erhalten die Zustimmung ohne Probleme.<\/small><\/p><\/blockquote>\n<p><\/p><\/blockquote>\n<p><strong><code>IX.<\/code>Gerichtsstand, Salvatorische Klausel, Sonstiges<\/strong><\/p>\n<blockquote><p>Sind einzelne Punkte (Formulierungen) dieser Nutzungsbedingung nicht mehr ganz oder nicht mehr vollst\u00e4ndig konform mit der geltenden Rechtslage, so ber\u00fchrt dies die Wirksamkeit der verbleibenden Punkte nicht.<\/p><\/blockquote>\n<p><strong><code>X.<\/code> \u00c4nderungsvorbehalt<\/strong><\/p>\n<blockquote><p>Der Anbieter hat jederzeit das Recht die Nutzungsbedingungen zu \u00e4ndern oder zu erg\u00e4nzen. Eventuelle \u00c4nderungen \/ Erg\u00e4nzungen werden auf der Webseite entsprechend angek\u00fcndigt und ver\u00f6ffentlicht.<\/p><\/blockquote>\n<\/blockquote>\n<\/div>\n<p><span style=\"float: left;\"><a title=\"Nutzungsbedingungen PDF\" href=\"https:\/\/www.musiklehre.at\/Nutzungsbedingungen-der-Musiklehre-Online.pdf\" rel=\"nofollow\"><img decoding=\"async\" src=\"https:\/\/www.musiklehre.at\/g7\/icons\/pdf.gif\" alt=\" Nutzungsbedingungen PDF\" \/><\/a><\/span><span style=\"float: right;\"><a href=\"https:\/\/www.musiklehre.at\/g7\/nutzungsbedingungen\/print\/\" title=\"Druckansicht\" rel=\"nofollow\"><img decoding=\"async\" class=\"WP-PrintIcon\" src=\"https:\/\/www.musiklehre.at\/g7\/wp-content\/plugins\/wp-print\/images\/print.gif\" alt=\"Druckansicht\" title=\"Druckansicht\" style=\"border: 0px;\" \/><\/a>&nbsp;<a href=\"https:\/\/www.musiklehre.at\/g7\/nutzungsbedingungen\/print\/\" title=\"Druckansicht\" rel=\"nofollow\">Druckansicht<\/a><\/span><\/p>\n","protected":false},"excerpt":{"rendered":"<p>Nutzungsbedingungen \/ Allgemeine Gesch\u00e4ftsbedingungen der Musiklehre Online &amp; Instrumentenkunde Online Anbieter Mag. Johannes Kaiser-Kaplaner 8600 Butuan City \u00b7 Philippines Fax: +43 (0) 1253 3033 8989 \u00b7 kk(@)musica.at Im Folgenden &#8222;Anbieter&#8220; genannt Hinweis: Aus Gr\u00fcnden der Lesbarkeit wurde im Text die m\u00e4nnliche Form &#8222;Benutzer&#8220; gew\u00e4hlt, nichtsdestotrotz bezieht sich die Angabe immer auf Angeh\u00f6rige aller Geschlechter. I. [&hellip;]<\/p>\n","protected":false},"author":2,"featured_media":0,"parent":0,"menu_order":0,"comment_status":"closed","ping_status":"closed","template":"","meta":{"footnotes":""},"class_list":["post-2788","page","type-page","status-publish","hentry"],"_links":{"self":[{"href":"https:\/\/www.musiklehre.at\/g7\/wp-json\/wp\/v2\/pages\/2788","targetHints":{"allow":["GET"]}}],"collection":[{"href":"https:\/\/www.musiklehre.at\/g7\/wp-json\/wp\/v2\/pages"}],"about":[{"href":"https:\/\/www.musiklehre.at\/g7\/wp-json\/wp\/v2\/types\/page"}],"author":[{"embeddable":true,"href":"https:\/\/www.musiklehre.at\/g7\/wp-json\/wp\/v2\/users\/2"}],"replies":[{"embeddable":true,"href":"https:\/\/www.musiklehre.at\/g7\/wp-json\/wp\/v2\/comments?post=2788"}],"version-history":[{"count":6,"href":"https:\/\/www.musiklehre.at\/g7\/wp-json\/wp\/v2\/pages\/2788\/revisions"}],"predecessor-version":[{"id":4286,"href":"https:\/\/www.musiklehre.at\/g7\/wp-json\/wp\/v2\/pages\/2788\/revisions\/4286"}],"wp:attachment":[{"href":"https:\/\/www.musiklehre.at\/g7\/wp-json\/wp\/v2\/media?parent=2788"}],"curies":[{"name":"wp","href":"https:\/\/api.w.org\/{rel}","templated":true}]}}