{"id":2858,"date":"2018-09-23T12:37:34","date_gmt":"2018-09-23T10:37:34","guid":{"rendered":"https:\/\/www.musiklehre.at\/g7\/?page_id=2858"},"modified":"2023-03-21T03:22:26","modified_gmt":"2023-03-21T01:22:26","slug":"impressum","status":"publish","type":"page","link":"https:\/\/www.musiklehre.at\/g7\/impressum\/","title":{"rendered":"Impressum"},"content":{"rendered":"<h1 align=\"center\"><span style=\"color: #000000; font-family: Verdana; font-size: 13pt;\">Autor der Musiklehre Online &amp; Instrumentenkunde Online:<\/span><br \/>\nMag. Johannes Kaiser-Kaplaner<\/h1>\n<div align=\"center\">\n<table border=\"0\" cellpadding=\"5\">\n<tbody>\n<tr>\n<td align=\"center\"><span class=\"text10\">P.O.Box 146 \u00b7 8600 Butuan City \u00b7 Philippines<br \/>\nFax: +43 (0) 1253 3033 8989 \u00b7 kk(@)musica.at<\/span><\/td>\n<\/tr>\n<\/tbody>\n<\/table>\n<p style=\"text-align: left;\">Das Kopieren und Ausdrucken der Inhalte der Musiklehre Online und Instrumentenkunde Online ist nur f\u00fcr private und f\u00fcr Unterrichtszwecke (registrierte Benutzer) erlaubt. Ver\u00f6ffentlichungen jeglicher Art (auf Internetseiten oder anderen Medien) und auch das Verwenden einzelner Inhalte (Texte, Grafiken, Audiodateien) ist nur mit schriftlicher Zustimmung des Autors gestattet.<\/p>\n<p style=\"text-align: left;\"><a href=\"https:\/\/www.musiklehre.at\/g7\/nutzungsbedingungen\/\" target=\"_top\" rel=\"noopener\">Nutzungsbedingungen (AGB)<\/a> &#8211; <a href=\"https:\/\/www.musiklehre.at\/g7\/datenschutzerklaerung\/\" target=\"_top\" rel=\"noopener\">Datenschutzerkl\u00e4rung<\/a><\/p>\n<\/div>\n","protected":false},"excerpt":{"rendered":"<p>Autor der Musiklehre Online &amp; Instrumentenkunde Online: Mag. Johannes Kaiser-Kaplaner P.O.Box 146 \u00b7 8600 Butuan City \u00b7 Philippines Fax: +43 (0) 1253 3033 8989 \u00b7 kk(@)musica.at Das Kopieren und Ausdrucken der Inhalte der Musiklehre Online und Instrumentenkunde Online ist nur f\u00fcr private und f\u00fcr Unterrichtszwecke (registrierte Benutzer) erlaubt. Ver\u00f6ffentlichungen jeglicher Art (auf Internetseiten oder anderen [&hellip;]<\/p>\n","protected":false},"author":2,"featured_media":0,"parent":0,"menu_order":0,"comment_status":"closed","ping_status":"closed","template":"","meta":{"footnotes":""},"class_list":["post-2858","page","type-page","status-publish","hentry"],"_links":{"self":[{"href":"https:\/\/www.musiklehre.at\/g7\/wp-json\/wp\/v2\/pages\/2858","targetHints":{"allow":["GET"]}}],"collection":[{"href":"https:\/\/www.musiklehre.at\/g7\/wp-json\/wp\/v2\/pages"}],"about":[{"href":"https:\/\/www.musiklehre.at\/g7\/wp-json\/wp\/v2\/types\/page"}],"author":[{"embeddable":true,"href":"https:\/\/www.musiklehre.at\/g7\/wp-json\/wp\/v2\/users\/2"}],"replies":[{"embeddable":true,"href":"https:\/\/www.musiklehre.at\/g7\/wp-json\/wp\/v2\/comments?post=2858"}],"version-history":[{"count":6,"href":"https:\/\/www.musiklehre.at\/g7\/wp-json\/wp\/v2\/pages\/2858\/revisions"}],"predecessor-version":[{"id":4283,"href":"https:\/\/www.musiklehre.at\/g7\/wp-json\/wp\/v2\/pages\/2858\/revisions\/4283"}],"wp:attachment":[{"href":"https:\/\/www.musiklehre.at\/g7\/wp-json\/wp\/v2\/media?parent=2858"}],"curies":[{"name":"wp","href":"https:\/\/api.w.org\/{rel}","templated":true}]}}