{"id":3770,"date":"2018-12-07T10:50:42","date_gmt":"2018-12-07T08:50:42","guid":{"rendered":"https:\/\/www.musiklehre.at\/g7\/?page_id=3770"},"modified":"2018-12-07T11:21:55","modified_gmt":"2018-12-07T09:21:55","slug":"musiklehre-cd-rom","status":"publish","type":"page","link":"https:\/\/www.musiklehre.at\/g7\/musiklehre-cd-rom\/","title":{"rendered":"Musiklehre CD-ROM"},"content":{"rendered":"<p>Hier k\u00f6nnen Sie die Musiklehre CD-ROM per Formular bestellen und einfach per \u00dcberweisung bezahlen (inkl. Mitgliederzugang f\u00fcr 1 Jahr f\u00fcr die <a style=\"font-weight:bold;\" href=\"https:\/\/musiklehre.at\/g7\/\" title=\"Musiklehre Online\" target=\"_top\">Musiklehre Online<\/a> <sup><font style=\"color:#ff0000; font-size:0.8em;\">Neu<\/font><\/sup>)<br \/>\n<span style=\"float:right;\">&rarr; <a href=\"https:\/\/www.musiklehre.at\/g7\/benutzer-werden\/\">zur Paypal Zahlung&#8230;<\/a><\/span><br \/>\n\n<div class=\"wpcf7 no-js\" id=\"wpcf7-f3205-o1\" lang=\"de-DE\" dir=\"ltr\" data-wpcf7-id=\"3205\">\n<div class=\"screen-reader-response\"><p role=\"status\" aria-live=\"polite\" aria-atomic=\"true\"><\/p> <ul><\/ul><\/div>\n<form action=\"\/g7\/wp-json\/wp\/v2\/pages\/3770#wpcf7-f3205-o1\" method=\"post\" class=\"wpcf7-form init\" aria-label=\"Kontaktformular\" novalidate=\"novalidate\" data-status=\"init\">\n<fieldset class=\"hidden-fields-container\"><input type=\"hidden\" name=\"_wpcf7\" value=\"3205\" \/><input type=\"hidden\" name=\"_wpcf7_version\" value=\"6.1.5\" \/><input type=\"hidden\" name=\"_wpcf7_locale\" value=\"de_DE\" \/><input type=\"hidden\" name=\"_wpcf7_unit_tag\" value=\"wpcf7-f3205-o1\" \/><input type=\"hidden\" name=\"_wpcf7_container_post\" value=\"0\" \/><input type=\"hidden\" name=\"_wpcf7_posted_data_hash\" value=\"\" \/><input type=\"hidden\" name=\"_wpcf7_recaptcha_response\" value=\"\" \/>\n<\/fieldset>\n<table class=\"mytabellew\">\n\t<tr>\n\t\t<td>\n\t\t\t<p>Vorname\n\t\t\t\t<font color=\"red\">*\n\t\t\t\t<\/font> :\n\t\t\t<\/p>\n\t\t<\/td>\n\t\t<td>\n\t\t\t<p><label><span class=\"wpcf7-form-control-wrap\" data-name=\"vorname\"><input size=\"40\" maxlength=\"400\" class=\"wpcf7-form-control wpcf7-text wpcf7-validates-as-required\" aria-required=\"true\" aria-invalid=\"false\" value=\"\" type=\"text\" name=\"vorname\" \/><\/span><\/label>\n\t\t\t<\/p>\n\t\t<\/td>\n\t<\/tr>\n\t<tr>\n\t\t<td>\n\t\t\t<p>Nachname\n\t\t\t\t<font color=\"red\">*\n\t\t\t\t<\/font> :\n\t\t\t<\/p>\n\t\t<\/td>\n\t\t<td>\n\t\t\t<p><label><span class=\"wpcf7-form-control-wrap\" data-name=\"nachname\"><input size=\"40\" maxlength=\"400\" class=\"wpcf7-form-control wpcf7-text wpcf7-validates-as-required\" aria-required=\"true\" aria-invalid=\"false\" value=\"\" type=\"text\" name=\"nachname\" \/><\/span><\/label>\n\t\t\t<\/p>\n\t\t<\/td>\n\t<\/tr>\n\t<tr>\n\t\t<td>\n\t\t\t<p>E-Mail-Adresse\n\t\t\t\t<font color=\"red\">*\n\t\t\t\t<\/font> :\n\t\t\t<\/p>\n\t\t<\/td>\n\t\t<td>\n\t\t\t<p><label><span class=\"wpcf7-form-control-wrap\" data-name=\"your-email\"><input size=\"40\" maxlength=\"400\" class=\"wpcf7-form-control wpcf7-email wpcf7-validates-as-required wpcf7-text wpcf7-validates-as-email\" aria-required=\"true\" aria-invalid=\"false\" value=\"\" type=\"email\" name=\"your-email\" \/><\/span><\/label>\n\t\t\t<\/p>\n\t\t<\/td>\n\t<\/tr>\n\t<tr>\n\t\t<td>\n\t\t\t<p>Benutzername:\n\t\t\t<\/p>\n\t\t<\/td>\n\t\t<td>\n\t\t\t<p><label><span class=\"wpcf7-form-control-wrap\" data-name=\"benutzername\"><input size=\"40\" maxlength=\"400\" class=\"wpcf7-form-control wpcf7-text\" aria-invalid=\"false\" value=\"\" type=\"text\" name=\"benutzername\" \/><\/span><br \/>\n<span style=\"font-size:0.9em; font-weight:normal;\"><small>(Benutzername kann nur ber\u00fccksichtigt werden, wenn noch verf\u00fcgbar)<\/small><\/span><\/label>\n\t\t\t<\/p>\n\t\t<\/td>\n\t<\/tr>\n\t<tr>\n\t\t<td>\n\t\t\t<p>Land\n\t\t\t\t<font color=\"red\">*\n\t\t\t\t<\/font> :\n\t\t\t<\/p>\n\t\t<\/td>\n\t\t<td>\n\t\t\t<p><label><span class=\"wpcf7-form-control-wrap\" data-name=\"land\"><select class=\"wpcf7-form-control wpcf7-select wpcf7-validates-as-required\" aria-required=\"true\" aria-invalid=\"false\" name=\"land\"><option value=\"\u00d6sterreich\">\u00d6sterreich<\/option><option value=\"Deutschland\">Deutschland<\/option><option value=\"Schweiz\">Schweiz<\/option><option value=\"Belgien\">Belgien<\/option><option value=\"D\u00e4nemark\">D\u00e4nemark<\/option><option value=\"Italien\">Italien<\/option><option value=\"Liechtenstein\">Liechtenstein<\/option><option value=\"Luxemburg\">Luxemburg<\/option><option value=\"Niederlande\">Niederlande<\/option><option value=\"Polen\">Polen<\/option><option value=\"Rum\u00e4nien\">Rum\u00e4nien<\/option><option value=\"Slowakei\">Slowakei<\/option><option value=\"Tschechische Republik\">Tschechische Republik<\/option><option value=\"Ungarn\">Ungarn<\/option><\/select><\/span><\/label>\n\t\t\t<\/p>\n\t\t<\/td>\n\t<\/tr>\n\t<tr>\n\t\t<td colspan=\"2\">\n\t\t\t<p>Benutzer-Zugang \"<b>Pers\u00f6nliche Nutzung<\/b>\" f\u00fcr Ihren privaten Gebrauch und f\u00fcr Ihren Unterricht mit Ihren Sch\u00fclern - Benutzer-Zugang \"<b>Erweiterte Nutzung<\/b>\" f\u00fcr Schulen, f\u00fcr den Einsatz auf allen Computern am Schulstandort<br \/>\nBitte ausw\u00e4hlen\n\t\t\t\t<font color=\"red\">*\n\t\t\t\t<\/font>: <span class=\"wpcf7-form-control-wrap\" data-name=\"bestellung\"><select class=\"wpcf7-form-control wpcf7-select wpcf7-validates-as-required\" aria-required=\"true\" aria-invalid=\"false\" name=\"bestellung\"><option value=\"\">&#8211; Bitte ausw\u00e4hlen &#8211;<\/option><option value=\"Pers\u00f6nliche Nutzung \u20ac 36,-\">Pers\u00f6nliche Nutzung \u20ac 36,-<\/option><option value=\"Erweitere Nutzung \u20ac 69,-\">Erweitere Nutzung \u20ac 69,-<\/option><\/select><\/span>\n\t\t\t<\/p>\n\t\t<\/td>\n\t<\/tr>\n\t<tr>\n\t\t<td>\n\t\t\t<p>Nachricht\n\t\t\t<\/p>\n\t\t<\/td>\n\t\t<td>\n\t\t\t<p><label><span class=\"wpcf7-form-control-wrap\" data-name=\"your-message\"><textarea cols=\"40\" rows=\"10\" maxlength=\"2000\" class=\"wpcf7-form-control wpcf7-textarea\" aria-invalid=\"false\" name=\"your-message\"><\/textarea><\/span> <\/label><label>\n\t\t\t\t<input class=\"wpcf7-form-control wpcf7-hidden\" value=\"\" type=\"hidden\" name=\"parcookie\" \/><\/label>\n\t\t\t<\/p>\n\t\t<\/td>\n\t<\/tr>\n\t<td colspan=\"2\">\n\t\t<p><span class=\"wpcf7-form-control-wrap\" data-name=\"accept-AGB\"><span class=\"wpcf7-form-control wpcf7-acceptance\"><span class=\"wpcf7-list-item\"><label><input type=\"checkbox\" name=\"accept-AGB\" value=\"1\" aria-invalid=\"false\" \/><span class=\"wpcf7-list-item-label\">Ich habe die <a href=\"https:\/\/www.musiklehre.at\/g7\/nutzungsbedingungen\/\" target=\"blank\" rel=\"noopener\">Nutzungsbedingungen<\/a> gelesen und akzeptiere diese.<\/span><\/label><\/span><\/span><\/span>\n\t\t\t<font color=\"red\">*\n\t\t\t<\/font>\n\t\t<\/p>\n\t<\/td>\n\t<td colspan=\"2\">\n\t\t<p><span class=\"wpcf7-form-control-wrap\" data-name=\"accept-datenschutz\"><span class=\"wpcf7-form-control wpcf7-acceptance\"><span class=\"wpcf7-list-item\"><label><input type=\"checkbox\" name=\"accept-datenschutz\" value=\"1\" aria-invalid=\"false\" \/><span class=\"wpcf7-list-item-label\">Ich habe die <a href=\"https:\/\/www.musiklehre.at\/g7\/datenschutzerklaerung\/\" target=\"blank\" rel=\"noopener\">Datenschutzerkl\u00e4rung<\/a> gelesen und akzeptiere diese.<\/span><\/label><\/span><\/span><\/span>\n\t\t\t<font color=\"red\">*\n\t\t\t<\/font>\n\t\t<\/p>\n\t<\/td>\n\t<td colspan=\"2\">\n\t\t<p><span class=\"wpcf7-form-control-wrap\" data-name=\"accept-kein_widerruf\"><span class=\"wpcf7-form-control wpcf7-acceptance optional\"><span class=\"wpcf7-list-item\"><label><input type=\"checkbox\" name=\"accept-kein_widerruf\" value=\"1\" aria-invalid=\"false\" \/><span class=\"wpcf7-list-item-label\">Ich verzichte auf mein <a href=\"https:\/\/www.musiklehre.at\/g7\/nutzungsbedingungen\/\" target=\"blank\" rel=\"noopener\">R\u00fccktrittsrecht (Widerruf)<\/a> und m\u00f6chte mein Benutzerkonto schnellstm\u00f6glich nach erfolgter Bezahlung aktiviert haben.<\/span><\/label><\/span><\/span><\/span>\n\t\t<\/p>\n\t<\/td>\n\t<tr>\n\t\t<td colspan=\"2\">\n\t\t\n\t\t<\/td>\n\t<\/tr>\n\t<tr>\n\t\t<td colspan=\"2\">\n\t\t\t<p><input class=\"wpcf7-form-control wpcf7-submit has-spinner\" type=\"submit\" value=\"Senden\" \/>\n\t\t\t<\/p>\n\t\t<\/td>\n\t<\/tr>\n<\/table>\n<p>Alle markierten Felder\n\t<font color=\"red\">*\n\t<\/font> sind erforderlich.\n\t<font color=\"white\">Partner: \n\t<\/font>\n<\/p><div class=\"wpcf7-response-output\" aria-hidden=\"true\"><\/div>\n<\/form>\n<\/div>\n<br \/>\nSie bekommen die Kontodaten f\u00fcr die \u00dcberweisung mit der Bestellbest\u00e4tigung zugesandt.<br \/>\nVerwenden Sie bitte das Feld Nachricht f\u00fcr zus\u00e4tzliche Mitteiligen an mich.<br \/>\nF\u00fcr Schulen: Bitte geben Sie die Schuladresse im Feld Nachricht ein.<\/p>\n","protected":false},"excerpt":{"rendered":"<p>Hier k\u00f6nnen Sie die Musiklehre CD-ROM per Formular bestellen und einfach per \u00dcberweisung bezahlen (inkl. Mitgliederzugang f\u00fcr 1 Jahr f\u00fcr die Musiklehre Online Neu) &rarr; zur Paypal Zahlung&#8230; Sie bekommen die Kontodaten f\u00fcr die \u00dcberweisung mit der Bestellbest\u00e4tigung zugesandt. Verwenden Sie bitte das Feld Nachricht f\u00fcr zus\u00e4tzliche Mitteiligen an mich. F\u00fcr Schulen: Bitte geben Sie [&hellip;]<\/p>\n","protected":false},"author":1,"featured_media":3662,"parent":0,"menu_order":0,"comment_status":"closed","ping_status":"closed","template":"","meta":{"footnotes":""},"class_list":["post-3770","page","type-page","status-publish","has-post-thumbnail","hentry"],"_links":{"self":[{"href":"https:\/\/www.musiklehre.at\/g7\/wp-json\/wp\/v2\/pages\/3770","targetHints":{"allow":["GET"]}}],"collection":[{"href":"https:\/\/www.musiklehre.at\/g7\/wp-json\/wp\/v2\/pages"}],"about":[{"href":"https:\/\/www.musiklehre.at\/g7\/wp-json\/wp\/v2\/types\/page"}],"author":[{"embeddable":true,"href":"https:\/\/www.musiklehre.at\/g7\/wp-json\/wp\/v2\/users\/1"}],"replies":[{"embeddable":true,"href":"https:\/\/www.musiklehre.at\/g7\/wp-json\/wp\/v2\/comments?post=3770"}],"version-history":[{"count":6,"href":"https:\/\/www.musiklehre.at\/g7\/wp-json\/wp\/v2\/pages\/3770\/revisions"}],"predecessor-version":[{"id":3780,"href":"https:\/\/www.musiklehre.at\/g7\/wp-json\/wp\/v2\/pages\/3770\/revisions\/3780"}],"wp:featuredmedia":[{"embeddable":true,"href":"https:\/\/www.musiklehre.at\/g7\/wp-json\/wp\/v2\/media\/3662"}],"wp:attachment":[{"href":"https:\/\/www.musiklehre.at\/g7\/wp-json\/wp\/v2\/media?parent=3770"}],"curies":[{"name":"wp","href":"https:\/\/api.w.org\/{rel}","templated":true}]}}