{"id":3993,"date":"2020-11-25T00:28:43","date_gmt":"2020-11-24T22:28:43","guid":{"rendered":"https:\/\/www.musiklehre.at\/g7\/?page_id=3993"},"modified":"2023-02-04T14:20:55","modified_gmt":"2023-02-04T12:20:55","slug":"flash-player","status":"publish","type":"page","link":"https:\/\/www.musiklehre.at\/g7\/flash-player\/","title":{"rendered":"Flash-Player"},"content":{"rendered":"<p>So, es ist Zeit f\u00fcr ein Update zu den untenstehend Informationen zu Flash Programmen.<\/p>\n<h2>Es gibt einen Emulator, mit welchem Flashprogramme (&#8222;Filme&#8220;) wieder ausgef\u00fchrt werden k\u00f6nnen.<\/h2>\n<p><strong>Ja, das ist eine gute, eine sehr gute Nachricht.<\/strong><br \/>\nSowohl online, also auch offline kann man alle alten, mit Adobe Flash geschriebenen Programme nun wieder verwenden, sei es Online auf einer Webseite oder Offline auf einem Computer.<br \/>\nOnline mu\u00df der Anbieter, der Webmaster nur ein paar Dateien auf den Server (die Webseite) laden und etwas Code einf\u00fcgen, und schon funktionieren die alten *.swf Flashdateien wieder. F\u00fcr das Ausf\u00fchren offline, also auf dem eigenen Computer und nicht auf einer Webseite, gibt es Stand-Alone Versionen f\u00fcr Linux, Mac OS und Windows, 32- und 64-bit Versionen zum Herunterladen auf: <a rel=\"nofollow\" href=\"https:\/\/www.musiklehre.at\/g7\/goto\/https:\/\/ruffle.rs\/#downloads\" >https:\/\/ruffle.rs\/#downloads<\/a><\/p>\n<p><strong>Was bedeutet das f\u00fcr die Musiklehre Online?<\/strong><br \/>\nDas beliebte <strong>\u2192<a href=\"https:\/\/www.musiklehre.at\/g7\/notenspiel-online\/\">Notenspiel Online<\/a><\/strong> funktioniert nun wieder!<br \/>\nSowohl auf der Webseite der Musiklehre Online, als auch die Offlineversion, welche heruntergeladen werden kann:\u00a0 \u2192<a href=\"https:\/\/www.musiklehre.at\/g7\/notenspiel-download\/\">www.musiklehre.at\/g7\/notenspiel-download\/<\/a><\/p>\n<p>Wer mehr \u00fcber diesen Emulator namens &#8222;Ruffle&#8220; wissen m\u00f6chte, kann sich \u00fcber deren Webseite: <a rel=\"nofollow\" href=\"https:\/\/www.musiklehre.at\/g7\/goto\/https:\/\/ruffle.rs\/\" >ruffle.rs<\/a> informieren.<\/p>\n<p>Ah ja, das Wichtigste habe ich doch fast vergessen: Ruffle ist ein <strong>Open Source<\/strong> Projekt und mit Ruffle werden alle Sicherheitsl\u00fccken und Risiken, durch welche Flash seine traurige Ber\u00fchmtheit erlangte, geschlossen. Sicherlich werden viele Webseitenbetreiber wieder die alten (und sehr oft, sehr guten) (Lern-)Spiele wieder ins Leben zur\u00fcckrufen, sollten sie nicht schon vergessen sein&#8230;<\/p>\n<hr \/>\n<p>Ich lasse hier die alten Informationen zu Adobe Flash zum Nachlesen noch online:<\/p>\n<h2>Adobe Flash Player nach dem 31. Dezember 2020<\/h2>\n<p>Ende des Jahres beendet die Firma Adobe die Aktualisierung des Flash Players und auch der Download des Flash Players wird leider eingestellt.<\/p>\n<p>Was bedeutet das nun f\u00fcr Webseiten \/ Spiele \/ Programme welche f\u00fcr den Flash Player erstellt wurden, so wie z.B. das beliebte <a href=\"https:\/\/www.musiklehre.at\/g7\/notenspiel-download\/\">Notenspiel online<\/a>?<\/p>\n<p>Hinweis: <span style=\"color: #880000; font-size: 0.9em;\">Dies betrifft ausschlie\u00dflich das <b>Notenspiel Online<\/b>, alle anderen interaktiven Inhalte und Spiele der Musiklehre Online basieren auf PHP und \/ oder JavaScript und sind von der Flash Einstellung nicht betroffen.<\/span><\/p>\n<p><strong>Die schlechte Nachricht ist, <\/strong><br \/>\ndass alle Internet Browser sp\u00e4testens Ende des Jahres 2020 die M\u00f6glichkeit Flash (*.swf) Dateien abzuspielen leider endg\u00fcltig einstellen werden.<\/p>\n<p><strong>Die <big>gute Nachricht<\/big> ist, <\/strong><br \/>\ndass es f\u00fcr Windows, Mac und Linux einen &#8222;Stand Alone Flash Player&#8220; gibt, den <b>Flash Player Projector<\/b>, mit welchem auch in Zukunft (*.swf) Dateien weiter verwendet werden k\u00f6nnen. Aber eben offline und nicht mehr online. D.h. dass die Dateien heruntergeladen und auf dem Computer lokal gespeichert werden m\u00fcssen. Genau so, wie es ja auch z.B. mit Word-Dateien der Fall ist.<br \/>\nHinweis: Dieser Flash Player Projector ist von Adobe allerdings nur f\u00fcr Entwickler gedacht und nicht f\u00fcr Anwender und auf deren Webseite recht gut versteckt: &#8222;<i>The files contained on this page are for Flash developers only. All other users should download Flash Player from http:\/\/get.adobe.com\/flashplayer.<\/i>&#8220;<br \/>\n<!-- <b>Download Flash Player Projector<\/b> Auf der Webseite von <a rel=\"nofollow\" href=\"https:\/\/www.musiklehre.at\/g7\/goto\/https:\/\/www.adobe.com\/support\/flashplayer\/debug_downloads.html\"  rel=\"nofollow\">Adobes Flash Player<\/a> kann man den Flash Player Projector f\u00fcr Windows, Mac und auch Linux herunterladen: --><br \/>\n<a rel=\"nofollow\" href=\"https:\/\/www.musiklehre.at\/g7\/goto\/https:\/\/www.adobe.com\/support\/flashplayer\/debug_downloads.html\" title=\"Adobe Stand Alone Flash Player\"  rel=\"nofollow\"><img loading=\"lazy\" decoding=\"async\" class=\"size-full wp-image-3999\" src=\"https:\/\/www.musiklehre.at\/g7\/wp-content\/uploads\/2020\/11\/FlashPlayer.jpg\" alt=\"Adobe Stand Alone Flash Player\" width=\"453\" height=\"129\" \/><br \/>\nhttps:\/\/www.adobe.com\/support\/flashplayer\/debug_downloads.html<\/a><\/p>\n<p><strong>Noch eine schlechte Nachricht?<\/strong><br \/>\nLaut einem Artikel von <a rel=\"nofollow\" href=\"https:\/\/www.musiklehre.at\/g7\/goto\/https:\/\/www.pcwelt.de\/news\/Windows-10-Microsoft-Patch-killt-Flash-ein-fuer-alle-Mal-10910932.html\"  rel=\"nofollow\">pcwelt.de<\/a> stellt Microsoft f\u00fcr Windows 10 ein Update (KB4577586) bereit, mit dem Flash ein f\u00fcr alle Mal von Systemen entfernt wird und daf\u00fcr sorgt, dass man Flash auch nicht mehr neu installieren kann. Dieses Update wird aber nicht automatisch installiert, d. h. es wird nicht \u00fcber ein allgemeines Windows Update an alle Windows-Nutzer ausgeliefert.<br \/>\nNach meinen Informationen ist der Flash Player Projector von diesem Update aber <b>nicht<\/b> betroffen und wird auch nicht entfernt.<\/p>\n<p><a title=\"Notenspiel download\" href=\"https:\/\/www.musiklehre.at\/g7\/notenspiel-download\/\"><strong>Notenspiel download<\/strong><\/a><br \/>\nDas Notenspiel kann im Downloadbereich <a title=\"Notenspiel download\" href=\"https:\/\/www.musiklehre.at\/g7\/notenspiel-download\/\">heruntergeladen<\/a> werden.<\/p>\n<p><strong>Und noch eine gute Nachricht<\/strong><br \/>\nf\u00fcr Alle, die Flashprogramme und Spiele lieben, gibt es das Projekt <b>&#8222;BlueMaxima&#8217;s Flashpoint&#8220;<\/b>.<br \/>\nDieses Projekt hat sich im Jahr 2018 zum Ziel gesetzt, alle Adobe Flash Programme, Animationen und Spiele zu sichern, um diese f\u00fcr die Nachwelt zu erhalten.<br \/>\nSeitdem hat sich dieses Projekt zu einem internationalen Projekt entwickelt, an dem bereits \u00fcber 100 Mitarbeiter beteiligt sind und es wurden bereits \u00fcber 70.000 Spiele und ca. 8000 Animationen gesichert. Dazu gibt es einen <b>Flashpoint Secure Player<\/b>&#8230;<br \/>\nweitere Infos auf <a rel=\"nofollow\" href=\"https:\/\/www.musiklehre.at\/g7\/goto\/https:\/\/bluemaxima.org\/flashpoint\/\" title=\"Flashpoint \"  rel=\"nofollow\">bluemaxima.org\/flashpoint<\/a><\/p>\n","protected":false},"excerpt":{"rendered":"<p>So, es ist Zeit f\u00fcr ein Update zu den untenstehend Informationen zu Flash Programmen. Es gibt einen Emulator, mit welchem Flashprogramme (&#8222;Filme&#8220;) wieder ausgef\u00fchrt werden k\u00f6nnen. Ja, das ist eine gute, eine sehr gute Nachricht. Sowohl online, also auch offline kann man alle alten, mit Adobe Flash geschriebenen Programme nun wieder verwenden, sei es Online [&hellip;]<\/p>\n","protected":false},"author":1,"featured_media":0,"parent":0,"menu_order":0,"comment_status":"closed","ping_status":"closed","template":"","meta":{"footnotes":""},"class_list":["post-3993","page","type-page","status-publish","hentry"],"_links":{"self":[{"href":"https:\/\/www.musiklehre.at\/g7\/wp-json\/wp\/v2\/pages\/3993","targetHints":{"allow":["GET"]}}],"collection":[{"href":"https:\/\/www.musiklehre.at\/g7\/wp-json\/wp\/v2\/pages"}],"about":[{"href":"https:\/\/www.musiklehre.at\/g7\/wp-json\/wp\/v2\/types\/page"}],"author":[{"embeddable":true,"href":"https:\/\/www.musiklehre.at\/g7\/wp-json\/wp\/v2\/users\/1"}],"replies":[{"embeddable":true,"href":"https:\/\/www.musiklehre.at\/g7\/wp-json\/wp\/v2\/comments?post=3993"}],"version-history":[{"count":6,"href":"https:\/\/www.musiklehre.at\/g7\/wp-json\/wp\/v2\/pages\/3993\/revisions"}],"predecessor-version":[{"id":4270,"href":"https:\/\/www.musiklehre.at\/g7\/wp-json\/wp\/v2\/pages\/3993\/revisions\/4270"}],"wp:attachment":[{"href":"https:\/\/www.musiklehre.at\/g7\/wp-json\/wp\/v2\/media?parent=3993"}],"curies":[{"name":"wp","href":"https:\/\/api.w.org\/{rel}","templated":true}]}}