{"id":6,"date":"2018-06-27T11:18:13","date_gmt":"2018-06-27T09:18:13","guid":{"rendered":"https:\/\/www.musiklehre.at\/g7\/?page_id=6"},"modified":"2023-03-21T03:41:44","modified_gmt":"2023-03-21T01:41:44","slug":"datenschutzerklaerung","status":"publish","type":"page","link":"https:\/\/www.musiklehre.at\/g7\/datenschutzerklaerung\/","title":{"rendered":"Datenschutzerkl\u00e4rung"},"content":{"rendered":"<h4>Datenschutzerkl\u00e4rung nach Art. 13 und 14 DSGVO <span style=\"float: right;\"><small>30. 04. 2026<\/small><\/span><\/h4>\n<div class=\"nutzung\"><span style=\"float: right;\"><a href=\"https:\/\/www.musiklehre.at\/g7\/datenschutzerklaerung\/print\/\" title=\"Druckansicht\" rel=\"nofollow\"><img decoding=\"async\" class=\"WP-PrintIcon\" src=\"https:\/\/www.musiklehre.at\/g7\/wp-content\/plugins\/wp-print\/images\/print.gif\" alt=\"Druckansicht\" title=\"Druckansicht\" style=\"border: 0px;\" \/><\/a>&nbsp;<a href=\"https:\/\/www.musiklehre.at\/g7\/datenschutzerklaerung\/print\/\" title=\"Druckansicht\" rel=\"nofollow\">Druckansicht<\/a><\/span><\/p>\n<p>Anbieter und Verantwortlicher<br \/>\nMag. Johannes Kaiser-Kaplaner<br \/>\nP.O.Box 146 \u00b7 8600 Butuan City<br \/>\nPhilippines<br \/>\nFax: +43 (0)1253 3033 8989<br \/>\n<a href=\"https:\/\/www.musiklehre.at\/g7\/kontakt\/\">Kontaktformular<\/a><\/p>\n<h4>Diese Datenschutzerkl\u00e4rung gilt f\u00fcr die &#8222;Musiklehre Online&#8220;<br \/>\nwww.musiklehre.at, www.musiklehre.online und instrumentenkunde.at<\/h4>\n<p>Der Anbieter verarbeitet von Ihnen personenbezogene Daten (im Folgenden kurz &#8222;Daten&#8220; genannt) die unter folgende Kategorien fallen: Name, Adresse, Land, E-Mail, Ihre IP-Adresse und Ger\u00e4te-Informationen sofern Ihr Endger\u00e4t bzw. die von Ihnen verwendete Software diese mit Ihrem Besuch auf der Webseite automatisch mit \u00fcbermittelt. <\/p>\n<h4>Beim Besuch der Webseite<\/h4>\n<p>Beim Aufrufen der Webseite werden durch den auf Ihrem Endger\u00e4t zum Einsatz kommenden Browser automatisch Informationen an den Server der Website gesendet. Diese Informationen werden tempor\u00e4r in einem sogenannten Server-Logfile gespeichert. Folgende Informationen werden dabei ohne Ihr Zutun erfasst und bis zur L\u00f6schung gespeichert:<\/p>\n<ul style=\"font-size:90%; margin:0 0 20px 20px;\">\nIP-Adresse<br \/>\nDatum und Uhrzeit des Zugriffs<br \/>\nName und URL der abgerufenen Datei<br \/>\nWebseite von der aus der Zugriff erfolgt (Referrer)<br \/>\nder verwendete Browser und ggf. auch das Betriebssystem Ihres Rechners und der Name Ihres Zugangsproviders<\/p>\n<p>Zus\u00e4tzlich zu den oben genannten Informationen werden bei Nutzung der interaktiven Inhalte (Spiele &#038; Apps) folgende Daten erfasst und bis zur L\u00f6schung gespeichert: Benutzername bzw. der eingegebene Spielername (wenn angegeben) und Punktestand und Level (wenn zutreffend).\n<\/ul>\n<p>Die oben angef\u00fchrten Daten werden durch den Anbieter zur Wahrung seiner berechtigten Interessen (Systemsicherheit und Systemstabilit\u00e4t) verarbeitet und wenn es Anhaltspunkte auf eine rechtswidrige oder unzul\u00e4ssige Nutzung des Angebots gibt ausgewertet. <\/p>\n<h4>Bei der Nutzung des Kontaktformulars<\/h4>\n<p>Auf der Webseite der Musiklehre Online und der Webseite der Instrumentenkunde Online k\u00f6nnen Sie auch \u00fcber ein <a href=\"https:\/\/www.musiklehre.at\/g7\/kontakt\/\">Kontaktformular<\/a> Kontakt mit dem  Anbieter aufnehmen. Hierbei werden die von Ihnen angegebene E-Mail Adresse und Ihre IP-Adresse \u00fcbermittelt, sowie eventuell weitere Daten, welche Sie dem Anbieter freiwillig mitteilen.<\/p>\n<h4>Kontakt per E-Mail<\/h4>\n<p>Wenn Sie mit dem  Anbieter Kontakt per E-Mail aufnehmen, werden die von Ihnen verwendete E-Mail Adresse und Ihre IP-Adresse mit \u00fcbermittelt, sowie eventuell weitere Daten, welche Sie dem  Anbieter freiwillig mitteilen und Daten welche Ihr Mailprogramm eventuell automatisch mit \u00fcbermittelt.<\/p>\n<h4>Bei der Registrierung als Benutzer<\/h4>\n<p>Die von Ihnen im Zuge einer Registrierung bereit gestellten Daten (Name, Adresse, Land, E-Mail und IP-Adresse) sind zur Vertragserf\u00fcllung bzw. zur Durchf\u00fchrung vorvertraglicher Ma\u00dfnahmen (Anlegung eines pers\u00f6nlichen Benutzerkontos) erforderlich. Ohne diese Daten kann der Anbieter keinen Vertrag mit Ihnen abschlie\u00dfen und eine Registrierung ist nicht m\u00f6glich.<\/p>\n<p>Sollten Sie dem  Anbieter im Zuge Ihrer Registrierung, einer Bezahlung (z.B. per Paypal), einer Anfrage per E-Mail oder einer anderen Kontaktaufnahme Ihrerseits unaufgefordert und freiwillig weitere pers\u00f6nliche Daten mitteilen, werden auch diese Daten verarbeitet und gespeichert.<\/p>\n<p>Der Anbieter speichert Ihre Daten f\u00fcr maximal 7 bis 10 Jahre wozu er nach derzeitiger Gesetzeslage verpflichtet ist (im Rahmen der steuerrechtlichen Aufbewahrungspflicht nach \u00a7 132 Abs 1 BAO, der unternehmensrechtlichen Aufbewahrungspflicht nach \u00a7\u00a7 190, 212 UGB, der umsatzsteuerrechtlichen Aufbewahrungspflicht nach \u00a7 18 Abs 2 III und \u00a7 25 \/ \u00a7 25a UStG. sofern zutreffend) bzw. zumindest f\u00fcr die Laufzeit Ihres registrierten Benutzerkontos.<\/p>\n<h4>Ihre Daten werden vom Anbieter grunds\u00e4tzlich nicht an Dritte weitergeben.<\/h4>\n<h4>Cookies <\/h4>\n<p>Auf der Webseite der Musiklehre Online werden Cookies verwendet, um die Funktionalit\u00e4t der Webseite zu verbessern bzw. zu erm\u00f6glichen.<br \/>\nDer Anbieter ist auch Teilnehmer an unterschiedlichen Partnerprogrammen, mittels derer durch die Platzierung von Werbeanzeigen und Werbelinks Werbekostenerstattungen verdient werden k\u00f6nnen. Zu diesem Zweck werden auf einigen Seiten auch Cookies von Partnerseiten des Anbieters (Partnerfirmen, Affiliates, Affiliate-Netzwerken) gespeichert. Diese Cookies enthalten Informationen, wann und wo, welche Werbung eingeblendet und welche Links zu den Partnerseiten des Anbieters angeklickt wurden.<br \/>\nNeben diesen angef\u00fchrten Partnerlinks \/ Partnerwerbung platziert der Anbieter auf den Internetseiten der Musiklehre Online auch Google AdSense Werbung. Google AdSense verwendet Cookies, um Ihnen relevante Treffer anzuzeigen. Adsense Cookies enthalten laut derzeitigen Informationen keine pers\u00f6nlichen Daten. Weitere Informationen im Allgemeinen zur Google Datenschutzerkl\u00e4rung und deren Einstellungen finden Sie auf der Seite: <a rel=\"nofollow\" href=\"https:\/\/www.musiklehre.at\/g7\/goto\/https:\/\/policies.google.com\/?hl=de\"  rel=\"nofollow\">policies.google.com<\/a> und im Speziellem zu Google Partner Seiten: <a rel=\"nofollow\" href=\"https:\/\/www.musiklehre.at\/g7\/goto\/https:\/\/policies.google.com\/technologies\/partner-sites?hl=de\"  rel=\"nofollow\">google.com\/..\/partner-sites<\/a>.<br \/>\nDer Anbieter verwendet auf der Musiklehre Online auch Plug-Ins von sozialen Netzwerken wie z.B. <a rel=\"nofollow\" href=\"https:\/\/www.musiklehre.at\/g7\/goto\/https:\/\/www.facebook.com\/policy.php\"  rel=\"nofollow\">Facebook<\/a>, <a rel=\"nofollow\" href=\"https:\/\/www.musiklehre.at\/g7\/goto\/https:\/\/policy.pinterest.com\/de\"  rel=\"nofollow\">Pinterest<\/a>, <a rel=\"nofollow\" href=\"https:\/\/www.musiklehre.at\/g7\/goto\/https:\/\/twitter.com\/de\/privacy\"  rel=\"nofollow\">Twitter<\/a> und auch eingebundene Daten von u.a. <a rel=\"nofollow\" href=\"https:\/\/www.musiklehre.at\/g7\/goto\/https:\/\/www.datenschutz.org\/youtube\/\"  rel=\"nofollow\">Youtube<\/a> und <a rel=\"nofollow\" href=\"https:\/\/www.musiklehre.at\/g7\/goto\/https:\/\/vimeo.com\/privacy\"  rel=\"nofollow\">Vimeo<\/a>. Auch diese Partnerseiten verwenden Cookies um die Funktionalit\u00e4t ihrer Dienste zu erm\u00f6glichen. Auf diese Cookies hat der Anbieter keinerlei Einfluss.<br \/>\nDer Anbieter erm\u00f6glicht es, registrierten Benutzern im Rahmen eines Partnerprogramms neue Benutzer f\u00fcr die Musiklehre Online zu vermitteln. Zu diesem Zweck wird, sobald ein Besucher auf eines der dem Partner zur Verf\u00fcgung gestellten Werbemittel klickt, ein Cookie von der Seite des Anbieters gesetzt, so dass die Vermittlung dem Partner zugeordnet werden kann.<br \/>\nHinweise:<br \/>\nSie haben jederzeit die M\u00f6glichkeit, das Speichern von Cookies in Ihrem Browser entweder g\u00e4nzlich zu unterbinden, oder auch ganz gezielt f\u00fcr einzelne Anbieter zu blockieren. Ebenso k\u00f6nnen bereits gespeicherte Cookies von Ihnen jederzeit gel\u00f6scht werden. N\u00e4heres dazu entnehmen Sie bitte der Anleitung Ihres verwendeten Browsers.<br \/>\nF\u00fcr viele Funktionen der Musiklehre Online ist das Speichern von Cookies unumg\u00e4nglich notwendig, werden diese gel\u00f6scht oder blockiert ist eine sinnvolle Nutzung in vielen Bereichen nicht mehr m\u00f6glich. <\/p>\n<h4>Rechtsbehelfsbelehrung<\/h4>\n<p>Ihnen stehen grunds\u00e4tzlich die Rechte auf Auskunft, Berichtigung, L\u00f6schung, Einschr\u00e4nkung, Daten\u00fcbertragbarkeit und Widerspruch zu. Daf\u00fcr wenden Sie sich bitte direkt an den Anbieter &rarr;<a href=\"https:\/\/www.musiklehre.at\/g7\/kontakt\/\">Kontaktformular<\/a>.\n<\/div>\n<p><span style=\"float: left;\"><a href=\"https:\/\/www.musiklehre.at\/Datenschutzerklaerung-der-Musiklehre-Online.pdf\" rel=\"nofollow\" title=\"Datenschutzerkl\u00e4rung PDF\"><img decoding=\"async\" src=\"https:\/\/www.musiklehre.at\/g7\/icons\/pdf.gif\" alt=\"Datenschutzerkl\u00e4rung PDF\"><\/a><\/span><span style=\"float: right;\"><a href=\"https:\/\/www.musiklehre.at\/g7\/datenschutzerklaerung\/print\/\" title=\"Druckansicht\" rel=\"nofollow\"><img decoding=\"async\" class=\"WP-PrintIcon\" src=\"https:\/\/www.musiklehre.at\/g7\/wp-content\/plugins\/wp-print\/images\/print.gif\" alt=\"Druckansicht\" title=\"Druckansicht\" style=\"border: 0px;\" \/><\/a>&nbsp;<a href=\"https:\/\/www.musiklehre.at\/g7\/datenschutzerklaerung\/print\/\" title=\"Druckansicht\" rel=\"nofollow\">Druckansicht<\/a><\/span><\/p>\n","protected":false},"excerpt":{"rendered":"<p>Datenschutzerkl\u00e4rung nach Art. 13 und 14 DSGVO Anbieter und Verantwortlicher Mag. Johannes Kaiser-Kaplaner P.O.Box 146 \u00b7 8600 Butuan City Philippines Fax: +43 (0)1253 3033 8989 Kontaktformular Diese Datenschutzerkl\u00e4rung gilt f\u00fcr die &#8222;Musiklehre Online&#8220; www.musiklehre.at, www.musiklehre.online und instrumentenkunde.at Der Anbieter verarbeitet von Ihnen personenbezogene Daten (im Folgenden kurz &#8222;Daten&#8220; genannt) die unter folgende Kategorien fallen: Name, [&hellip;]<\/p>\n","protected":false},"author":2,"featured_media":0,"parent":0,"menu_order":0,"comment_status":"closed","ping_status":"closed","template":"","meta":{"footnotes":""},"class_list":["post-6","page","type-page","status-publish","hentry"],"_links":{"self":[{"href":"https:\/\/www.musiklehre.at\/g7\/wp-json\/wp\/v2\/pages\/6","targetHints":{"allow":["GET"]}}],"collection":[{"href":"https:\/\/www.musiklehre.at\/g7\/wp-json\/wp\/v2\/pages"}],"about":[{"href":"https:\/\/www.musiklehre.at\/g7\/wp-json\/wp\/v2\/types\/page"}],"author":[{"embeddable":true,"href":"https:\/\/www.musiklehre.at\/g7\/wp-json\/wp\/v2\/users\/2"}],"replies":[{"embeddable":true,"href":"https:\/\/www.musiklehre.at\/g7\/wp-json\/wp\/v2\/comments?post=6"}],"version-history":[{"count":6,"href":"https:\/\/www.musiklehre.at\/g7\/wp-json\/wp\/v2\/pages\/6\/revisions"}],"predecessor-version":[{"id":4289,"href":"https:\/\/www.musiklehre.at\/g7\/wp-json\/wp\/v2\/pages\/6\/revisions\/4289"}],"wp:attachment":[{"href":"https:\/\/www.musiklehre.at\/g7\/wp-json\/wp\/v2\/media?parent=6"}],"curies":[{"name":"wp","href":"https:\/\/api.w.org\/{rel}","templated":true}]}}